{"id":44532,"date":"2024-04-23T17:50:34","date_gmt":"2024-04-23T15:50:34","guid":{"rendered":"https:\/\/oldshop.sosmediterranee.ch\/?post_type=product&#038;p=44532"},"modified":"2025-04-13T17:50:54","modified_gmt":"2025-04-13T15:50:54","slug":"socken-aquarius-sos-mediterranee-schweiz-copie","status":"publish","type":"product","link":"https:\/\/oldshop.sosmediterranee.ch\/de\/produkt\/socken-aquarius-sos-mediterranee-schweiz-copie\/","title":{"rendered":"Socken Morsecode"},"content":{"rendered":"","protected":false},"excerpt":{"rendered":"<p><span lang=\"de-CH\">Unterst\u00fctzen Sie unsere Organisation f\u00fcr Seenotrettung im zentralen Mittelmeer mit unseren &#8222;CodeMorse&#8220;-Socken. Jedes Paar, das Sie tragen, unterst\u00fctzt direkt unsere humanit\u00e4re Mission. <\/span><\/p>\n<p><span lang=\"de-CH\">Diese bequemen Socken werden in Portugal hergestellt und bestehen aus 80% Baumwolle.\u00a0<\/span><\/p>\n","protected":false},"featured_media":44712,"template":"","meta":{"_acf_changed":false,"wds_primary_product_brand":0,"wds_primary_product_cat":0,"_links_to":"","_links_to_target":""},"product_brand":[],"product_cat":[107],"product_tag":[],"class_list":{"0":"post-44532","1":"product","2":"type-product","3":"status-publish","4":"has-post-thumbnail","6":"product_cat-kleidung","8":"first","9":"instock","10":"taxable","11":"shipping-taxable","12":"purchasable","13":"product-type-variable"},"acf":[],"_links":{"self":[{"href":"https:\/\/oldshop.sosmediterranee.ch\/de\/wp-json\/wp\/v2\/product\/44532","targetHints":{"allow":["GET"]}}],"collection":[{"href":"https:\/\/oldshop.sosmediterranee.ch\/de\/wp-json\/wp\/v2\/product"}],"about":[{"href":"https:\/\/oldshop.sosmediterranee.ch\/de\/wp-json\/wp\/v2\/types\/product"}],"version-history":[{"count":0,"href":"https:\/\/oldshop.sosmediterranee.ch\/de\/wp-json\/wp\/v2\/product\/44532\/revisions"}],"wp:featuredmedia":[{"embeddable":true,"href":"https:\/\/oldshop.sosmediterranee.ch\/de\/wp-json\/wp\/v2\/media\/44712"}],"wp:attachment":[{"href":"https:\/\/oldshop.sosmediterranee.ch\/de\/wp-json\/wp\/v2\/media?parent=44532"}],"wp:term":[{"taxonomy":"product_brand","embeddable":true,"href":"https:\/\/oldshop.sosmediterranee.ch\/de\/wp-json\/wp\/v2\/product_brand?post=44532"},{"taxonomy":"product_cat","embeddable":true,"href":"https:\/\/oldshop.sosmediterranee.ch\/de\/wp-json\/wp\/v2\/product_cat?post=44532"},{"taxonomy":"product_tag","embeddable":true,"href":"https:\/\/oldshop.sosmediterranee.ch\/de\/wp-json\/wp\/v2\/product_tag?post=44532"}],"curies":[{"name":"wp","href":"https:\/\/api.w.org\/{rel}","templated":true}]}}